{"id":18754,"date":"2022-02-02T19:01:15","date_gmt":"2022-02-02T18:01:15","guid":{"rendered":"https:\/\/www.summersportswestendorf.com\/haeufig-gestellte-fragen\/"},"modified":"2025-09-01T08:42:56","modified_gmt":"2025-09-01T07:42:56","slug":"haeufig-gestellte-fragen","status":"publish","type":"page","link":"https:\/\/www.summersportswestendorf.com\/de\/haeufig-gestellte-fragen\/","title":{"rendered":"H\u00e4ufig gestellte Fragen"},"content":{"rendered":"\n<div data-elementor-type=\"wp-page\" data-elementor-id=\"18754\" class=\"elementor elementor-18754 elementor-17931\" data-elementor-post-type=\"page\">\n<section class=\"elementor-section elementor-top-section elementor-element elementor-element-8338d7e elementor-section-boxed elementor-section-height-default elementor-section-height-default\" data-id=\"8338d7e\" data-element_type=\"section\">\n<div class=\"elementor-container elementor-column-gap-default\">\n<div class=\"elementor-column elementor-col-100 elementor-top-column elementor-element elementor-element-61f23df\" data-id=\"61f23df\" data-element_type=\"column\">\n<div class=\"elementor-widget-wrap elementor-element-populated\">\n<div class=\"elementor-element elementor-element-9953509 elementor-widget elementor-widget-heading\" data-id=\"9953509\" data-element_type=\"widget\" data-widget_type=\"heading.default\">\n<div class=\"elementor-widget-container\">\n<h2 class=\"elementor-heading-title elementor-size-default\">FAQ - H\u00e4ufig gestellte Fragen<\/h2>\n<\/div>\n<\/div>\n<\/div>\n<\/div>\n<\/div>\n<\/section>\n<section class=\"elementor-section elementor-top-section elementor-element elementor-element-a9158f0 elementor-section-boxed elementor-section-height-default elementor-section-height-default\" data-id=\"a9158f0\" data-element_type=\"section\">\n<div class=\"elementor-container elementor-column-gap-default\">\n<div class=\"elementor-column elementor-col-100 elementor-top-column elementor-element elementor-element-33b6b0c\" data-id=\"33b6b0c\" data-element_type=\"column\">\n<div class=\"elementor-widget-wrap elementor-element-populated\">\n<div class=\"elementor-element elementor-element-c00e461 elementor-widget elementor-widget-toggle\" data-id=\"c00e461\" data-element_type=\"widget\" data-widget_type=\"toggle.default\">\n<div class=\"elementor-widget-container\">\n<div class=\"elementor-toggle\">\n<div class=\"elementor-toggle-item\">\n<div id=\"elementor-tab-title-2011\" class=\"elementor-tab-title\" data-tab=\"1\" role=\"button\" aria-controls=\"elementor-tab-content-2011\" aria-expanded=\"false\">\n\t\t\t\t\t\t\t\t\t\t\t\t<a class=\"elementor-toggle-title\" tabindex=\"0\">Wo finde ich das Gesch\u00e4ft und wie sind die \u00d6ffnungszeiten?<\/a>\n\t\t\t\t\t<\/div>\n<div id=\"elementor-tab-content-2011\" class=\"elementor-tab-content elementor-clearfix\" data-tab=\"1\" role=\"region\" aria-labelledby=\"elementor-tab-title-2011\">\n<p>Das Gesch\u00e4ft befindet sich im Stadtzentrum. Sie k\u00f6nnen Ihr Auto direkt vor dem Gesch\u00e4ft parken.<\/p>\n<p>Die Adresse lautet: Schulgasse 15, 3636 Westendorf, \u00d6sterreich.<\/p>\n<p>Montag &#8211; Samstag: 9:00 bis 12:00 und 16:00 bis 18:00<br \/>Sonntag: <span style=\"color: var( --e-global-color-text ); font-weight: var( --e-global-typography-text-font-weight );\">9:00 bis 11:00 und 16:00 bis 18:00<\/span><\/p>\n<\/div><\/div>\n<div class=\"elementor-toggle-item\">\n<div id=\"elementor-tab-title-2012\" class=\"elementor-tab-title\" data-tab=\"2\" role=\"button\" aria-controls=\"elementor-tab-content-2012\" aria-expanded=\"false\">\n\t\t\t\t\t\t\t\t\t\t\t\t<a class=\"elementor-toggle-title\" tabindex=\"0\">Besteht in \u00d6sterreich eine Helmpflicht?<\/a>\n\t\t\t\t\t<\/div>\n<div id=\"elementor-tab-content-2012\" class=\"elementor-tab-content elementor-clearfix\" data-tab=\"2\" role=\"region\" aria-labelledby=\"elementor-tab-title-2012\">\n<p>In \u00d6sterreich besteht f\u00fcr alle Kinder bis einschlie\u00dflich 12 Jahren eine Fahrradhelmpflicht. Erwachsene sind nicht verpflichtet, einen Helm zu tragen, aber es wird empfohlen, vor allem bei Abfahrten.<\/p>\n<\/div><\/div>\n<div class=\"elementor-toggle-item\">\n<div id=\"elementor-tab-title-2013\" class=\"elementor-tab-title\" data-tab=\"3\" role=\"button\" aria-controls=\"elementor-tab-content-2013\" aria-expanded=\"false\">\n\t\t\t\t\t\t\t\t\t\t\t\t<a class=\"elementor-toggle-title\" tabindex=\"0\">Ich m\u00f6chte nicht fortlaufend buchen<\/a>\n\t\t\t\t\t<\/div>\n<div id=\"elementor-tab-content-2013\" class=\"elementor-tab-content elementor-clearfix\" data-tab=\"3\" role=\"region\" aria-labelledby=\"elementor-tab-title-2013\">\n<p>Aber ich m\u00f6chte f\u00fcr mehrere Tage buchen. Das ist im Kalender m\u00f6glich. W\u00e4hlen Sie zum Beispiel Montag und w\u00e4hlen Sie Ihr Zubeh\u00f6r. In den Warenkorb legen, das bringt Sie zu Ihrem Einkaufskorb. Dr\u00fccken Sie die Taste &#8222;Weiter einkaufen&#8220;. Dadurch gelangen Sie zur\u00fcck zum Einkaufsmen\u00fc. Nun k\u00f6nnen Sie z.B. den Freitag ausw\u00e4hlen und diesen ebenfalls in den Warenkorb legen.<\/p>\n<\/div><\/div>\n<div class=\"elementor-toggle-item\">\n<div id=\"elementor-tab-title-2014\" class=\"elementor-tab-title\" data-tab=\"4\" role=\"button\" aria-controls=\"elementor-tab-content-2014\" aria-expanded=\"false\">\n\t\t\t\t\t\t\t\t\t\t\t\t<a class=\"elementor-toggle-title\" tabindex=\"0\">Was ist beim Fahrradverleih inbegriffen?<\/a>\n\t\t\t\t\t<\/div>\n<div id=\"elementor-tab-content-2014\" class=\"elementor-tab-content elementor-clearfix\" data-tab=\"4\" role=\"region\" aria-labelledby=\"elementor-tab-title-2014\">\n<p>Sie erhalten ein Fahrradschloss und ein kleines Flickzeug, um platte Reifen zu reparieren.<\/p>\n<\/div><\/div>\n<div class=\"elementor-toggle-item\">\n<div id=\"elementor-tab-title-2015\" class=\"elementor-tab-title\" data-tab=\"5\" role=\"button\" aria-controls=\"elementor-tab-content-2015\" aria-expanded=\"false\">\n\t\t\t\t\t\t\t\t\t\t\t\t<a class=\"elementor-toggle-title\" tabindex=\"0\">Ist es notwendig, die Fahrr\u00e4der im Voraus zu reservieren?<\/a>\n\t\t\t\t\t<\/div>\n<div id=\"elementor-tab-content-2015\" class=\"elementor-tab-content elementor-clearfix\" data-tab=\"5\" role=\"region\" aria-labelledby=\"elementor-tab-title-2015\">\n<p>Nein, das ist nicht notwendig. Es ist m\u00f6glich, vor Ort zu reservieren. Aber es ist ratsam, dies zu tun, damit Sie im Voraus wissen, dass Sie ein Mountainbike zur Verf\u00fcgung haben.<\/p>\n<\/div><\/div>\n<div class=\"elementor-toggle-item\">\n<div id=\"elementor-tab-title-2016\" class=\"elementor-tab-title\" data-tab=\"6\" role=\"button\" aria-controls=\"elementor-tab-content-2016\" aria-expanded=\"false\">\n\t\t\t\t\t\t\t\t\t\t\t\t<a class=\"elementor-toggle-title\" tabindex=\"0\">Ich habe keine Reservierung im Voraus gemacht<\/a>\n\t\t\t\t\t<\/div>\n<div id=\"elementor-tab-content-2016\" class=\"elementor-tab-content elementor-clearfix\" data-tab=\"6\" role=\"region\" aria-labelledby=\"elementor-tab-title-2016\">\n<p>Sie k\u00f6nnen jederzeit im Laden vorbeikommen und alles, was verf\u00fcgbar ist, kann zu diesem Zeitpunkt noch gemietet werden!<\/p>\n<\/div><\/div>\n<div class=\"elementor-toggle-item\">\n<div id=\"elementor-tab-title-2017\" class=\"elementor-tab-title\" data-tab=\"7\" role=\"button\" aria-controls=\"elementor-tab-content-2017\" aria-expanded=\"false\">\n\t\t\t\t\t\t\t\t\t\t\t\t<a class=\"elementor-toggle-title\" tabindex=\"0\">Wie kann ich sicher sein, dass die Leihfahrr\u00e4der verf\u00fcgbar sind?<\/a>\n\t\t\t\t\t<\/div>\n<div id=\"elementor-tab-content-2017\" class=\"elementor-tab-content elementor-clearfix\" data-tab=\"7\" role=\"region\" aria-labelledby=\"elementor-tab-title-2017\">\n<p>Um sicher zu sein, dass ein Leihfahrrad verf\u00fcgbar ist, empfehlen wir Ihnen, eine Reservierung \u00fcber unsere Website vorzunehmen. W\u00e4hrend der Online-Reservierung k\u00f6nnen Sie sehen, ob das gew\u00fcnschte Mietfahrrad noch verf\u00fcgbar ist. Wenn Sie den gew\u00fcnschten Mietzeitraum eingeben, werden die Fahrr\u00e4der, die zu diesem Zeitpunkt verf\u00fcgbar sind, in der Liste angezeigt. So k\u00f6nnen Sie sicher sein, dass Sie w\u00e4hrend Ihres Besuchs in Westendorf ein Fahrrad mieten k\u00f6nnen. Im Kommentarfeld der Reservierung k\u00f6nnen Sie keine \u00c4nderungen an Typ, Gr\u00f6\u00dfe oder sonstiger Art des Fahrrades etc. vornehmen. Was reserviert werden kann, kann reserviert werden. Wenn ein Fahrradtyp nicht mehr reservierbar ist, ist er nicht mehr verf\u00fcgbar.<\/p>\n<\/div><\/div>\n<div class=\"elementor-toggle-item\">\n<div id=\"elementor-tab-title-2018\" class=\"elementor-tab-title\" data-tab=\"8\" role=\"button\" aria-controls=\"elementor-tab-content-2018\" aria-expanded=\"false\">\n\t\t\t\t\t\t\t\t\t\t\t\t<a class=\"elementor-toggle-title\" tabindex=\"0\">Was sind die Zahlungsm\u00f6glichkeiten?<\/a>\n\t\t\t\t\t<\/div>\n<div id=\"elementor-tab-content-2018\" class=\"elementor-tab-content elementor-clearfix\" data-tab=\"8\" role=\"region\" aria-labelledby=\"elementor-tab-title-2018\">\n<p>Die Zahlung erfolgt in Schritt 3 des Buchungsverfahrens. Wenn wir keine Zahlung erhalten haben, ist die Reservierung nicht vollst\u00e4ndig und wird nicht bearbeitet.<\/p>\n<\/div><\/div>\n<div class=\"elementor-toggle-item\">\n<div id=\"elementor-tab-title-2019\" class=\"elementor-tab-title\" data-tab=\"9\" role=\"button\" aria-controls=\"elementor-tab-content-2019\" aria-expanded=\"false\">\n\t\t\t\t\t\t\t\t\t\t\t\t<a class=\"elementor-toggle-title\" tabindex=\"0\">Wie viele Kilometer kann man mit den Elektrofahrr\u00e4dern fahren?<\/a>\n\t\t\t\t\t<\/div>\n<div id=\"elementor-tab-content-2019\" class=\"elementor-tab-content elementor-clearfix\" data-tab=\"9\" role=\"region\" aria-labelledby=\"elementor-tab-title-2019\">\n<p>Sie k\u00f6nnen mit unseren E-Bikes zwischen 70 und 90 km fahren, je nach Gewicht, Untergrund, Wetterbedingungen und dem von Ihnen gew\u00e4hlten Modus. In unseren Fahrr\u00e4dern kommt die <strong>Performance Line CX Generation 4 mit 800Wh<\/strong> zum Einsatz, das ist der leistungsst\u00e4rkste Motor und Akku im Bosch-Sortiment. Dar\u00fcber hinaus verf\u00fcgen viele der Rastst\u00e4tten und Restaurants \u00fcber eine Ladestation f\u00fcr E-Bikes. Wenn Sie auf <a href=\"https:\/\/www.bosch-ebike.com\/en\/service\/range-assistant\">diesen Link klicken<\/a>, k\u00f6nnen Sie Ihre Reichweite berechnen.<\/p>\n<\/div><\/div>\n<div class=\"elementor-toggle-item\">\n<div id=\"elementor-tab-title-20110\" class=\"elementor-tab-title\" data-tab=\"10\" role=\"button\" aria-controls=\"elementor-tab-content-20110\" aria-expanded=\"false\">\n\t\t\t\t\t\t\t\t\t\t\t\t<a class=\"elementor-toggle-title\" tabindex=\"0\">Was ist, wenn das Fahrrad unterwegs kaputt geht?<\/a>\n\t\t\t\t\t<\/div>\n<div id=\"elementor-tab-content-20110\" class=\"elementor-tab-content elementor-clearfix\" data-tab=\"10\" role=\"region\" aria-labelledby=\"elementor-tab-title-20110\">\n<p>Sie erhalten eine kleine Pumpe und Bar&#8217;s Leaks Tyre&#8217;s Leak Dosen. Es besteht aus einem latexhaltigen, schaumaktivierten Dichtmittel, das Reifenlecks abdichtet. Perfekt f\u00fcr den Fall einer Reifenpanne, wenn Sie am Stra\u00dfenrand gestrandet sind. Wenn Sie noch Probleme haben, k\u00f6nnen Sie uns unter +43 660 2041733 erreichen und wir werden versuchen, eine L\u00f6sung zu finden.<\/p>\n<\/div><\/div>\n<div class=\"elementor-toggle-item\">\n<div id=\"elementor-tab-title-20111\" class=\"elementor-tab-title\" data-tab=\"11\" role=\"button\" aria-controls=\"elementor-tab-content-20111\" aria-expanded=\"false\">\n\t\t\t\t\t\t\t\t\t\t\t\t<a class=\"elementor-toggle-title\" tabindex=\"0\">Wann kann ich das Rad abholen und zur\u00fcckgeben?<\/a>\n\t\t\t\t\t<\/div>\n<div id=\"elementor-tab-content-20111\" class=\"elementor-tab-content elementor-clearfix\" data-tab=\"11\" role=\"region\" aria-labelledby=\"elementor-tab-title-20111\">\n<p>Unsere Filialen \u00f6ffnen um 9:00 Uhr und Sie k\u00f6nnen Ihre R\u00e4der bei uns abholen. Wir holen unsere Fahrr\u00e4der gerne vor Gesch\u00e4ftsschluss ab, damit sie am n\u00e4chsten Tag bereit sind, wir schlie\u00dfen um 18:00 Uhr! Am Sonntag haben wir andere \u00d6ffnungszeiten. Die aktuellen \u00d6ffnungszeiten finden Sie auf unserer Website.<\/p>\n<\/div><\/div>\n<div class=\"elementor-toggle-item\">\n<div id=\"elementor-tab-title-20112\" class=\"elementor-tab-title\" data-tab=\"12\" role=\"button\" aria-controls=\"elementor-tab-content-20112\" aria-expanded=\"false\">\n\t\t\t\t\t\t\t\t\t\t\t\t<a class=\"elementor-toggle-title\" tabindex=\"0\">Kann ich meine Reservierung \u00e4ndern?<\/a>\n\t\t\t\t\t<\/div>\n<div id=\"elementor-tab-content-20112\" class=\"elementor-tab-content elementor-clearfix\" data-tab=\"12\" role=\"region\" aria-labelledby=\"elementor-tab-title-20112\">\n<p>Ja, das k\u00f6nnen Sie. Rufen Sie uns an, mailen Sie uns oder benutzen Sie das Kontaktformular.<\/p>\n<p>Rufen Sie uns an unter: +43 660 2041733<\/p>\n<\/div><\/div>\n<div class=\"elementor-toggle-item\">\n<div id=\"elementor-tab-title-20113\" class=\"elementor-tab-title\" data-tab=\"13\" role=\"button\" aria-controls=\"elementor-tab-content-20113\" aria-expanded=\"false\">\n\t\t\t\t\t\t\t\t\t\t\t\t<a class=\"elementor-toggle-title\" tabindex=\"0\">Kann ich meine Reservierung stornieren?<\/a>\n\t\t\t\t\t<\/div>\n<div id=\"elementor-tab-content-20113\" class=\"elementor-tab-content elementor-clearfix\" data-tab=\"13\" role=\"region\" aria-labelledby=\"elementor-tab-title-20113\">\n<p>Sie k\u00f6nnen Ihre Reservierung stornieren. F\u00fcr die Stornierung gelten die allgemeinen Bedingungen. Die Stornierung einer Reservierung kann per Telefon oder E-Mail erfolgen. Diese sind wie folgt:<\/p>\n<ul>\n<li>2 Tage im Voraus &#8211; 100% Ihres Geldes zur\u00fcck<\/li>\n<li>1 Tag im Voraus &#8211; 50% Ihres Geldes zur\u00fcck<\/li>\n<li>Gleicher Tag &#8211; keine R\u00fcckerstattung<\/li>\n<\/ul>\n<\/div><\/div>\n<div class=\"elementor-toggle-item\">\n<div id=\"elementor-tab-title-20114\" class=\"elementor-tab-title\" data-tab=\"14\" role=\"button\" aria-controls=\"elementor-tab-content-20114\" aria-expanded=\"false\">\n\t\t\t\t\t\t\t\t\t\t\t\t<a class=\"elementor-toggle-title\" tabindex=\"0\">Liefern Sie die Fahrr\u00e4der ins Hotel oder in die Unterkunft?<\/a>\n\t\t\t\t\t<\/div>\n<div id=\"elementor-tab-content-20114\" class=\"elementor-tab-content elementor-clearfix\" data-tab=\"14\" role=\"region\" aria-labelledby=\"elementor-tab-title-20114\">\n<p>Das h\u00e4ngt davon ab, wo Sie untergebracht sind. Wir bieten einen Abhol- und Lieferservice an. Wir liefern unsere Fahrr\u00e4der an viele Urlaubsadressen und holen sie dort wieder ab.<\/p>\n<p>&nbsp;<\/p>\n<p>Wenn Sie die Fahrr\u00e4der geliefert haben m\u00f6chten, k\u00f6nnen Sie dies bei der Reservierung in den Anmerkungen angeben oder sp\u00e4ter eine E-Mail an info@summersportswestendorf.com schicken, in der Sie um die Lieferung der Fahrr\u00e4der an Ihre Urlaubsadresse bitten.<\/p>\n<\/div><\/div>\n<div class=\"elementor-toggle-item\">\n<div id=\"elementor-tab-title-20115\" class=\"elementor-tab-title\" data-tab=\"15\" role=\"button\" aria-controls=\"elementor-tab-content-20115\" aria-expanded=\"false\">\n\t\t\t\t\t\t\t\t\t\t\t\t<a class=\"elementor-toggle-title\" tabindex=\"0\">Was muss ich im Falle eines Schadens tun?<\/a>\n\t\t\t\t\t<\/div>\n<div id=\"elementor-tab-content-20115\" class=\"elementor-tab-content elementor-clearfix\" data-tab=\"15\" role=\"region\" aria-labelledby=\"elementor-tab-title-20115\">\n<p>Kontaktieren Sie uns sofort: +43 660 2041733 oder +31 6 28089328<\/p>\n<\/div><\/div>\n<div class=\"elementor-toggle-item\">\n<div id=\"elementor-tab-title-20116\" class=\"elementor-tab-title\" data-tab=\"16\" role=\"button\" aria-controls=\"elementor-tab-content-20116\" aria-expanded=\"false\">\n\t\t\t\t\t\t\t\t\t\t\t\t<a class=\"elementor-toggle-title\" tabindex=\"0\">Was muss ich im Falle eines Diebstahls tun?<\/a>\n\t\t\t\t\t<\/div>\n<div id=\"elementor-tab-content-20116\" class=\"elementor-tab-content elementor-clearfix\" data-tab=\"16\" role=\"region\" aria-labelledby=\"elementor-tab-title-20116\">\n<p>Kontaktieren Sie uns sofort: +43 660 2041733 oder +31 6 28089328<\/p>\n<\/div><\/div>\n<div class=\"elementor-toggle-item\">\n<div id=\"elementor-tab-title-20117\" class=\"elementor-tab-title\" data-tab=\"17\" role=\"button\" aria-controls=\"elementor-tab-content-20117\" aria-expanded=\"false\">\n\t\t\t\t\t\t\t\t\t\t\t\t<a class=\"elementor-toggle-title\" tabindex=\"0\">Welche Mountainbike-Gr\u00f6\u00dfe brauche ich?<\/a>\n\t\t\t\t\t<\/div>\n<div id=\"elementor-tab-content-20117\" class=\"elementor-tab-content elementor-clearfix\" data-tab=\"17\" role=\"region\" aria-labelledby=\"elementor-tab-title-20117\">\n<p>Wir haben vier verschiedene Fahrradgr\u00f6\u00dfen.<\/p>\n<p>Kids \u2013 125-140cm<br \/>S 15\u201d \u2013 140-160cm<br \/>M 17\u201d \u2013 160-180cm<br \/>L 19\u201d \u2013 180cm &gt;<\/p>\n<\/div><\/div>\n<\/div>\n<\/div>\n<\/div>\n<\/div>\n<\/div>\n<\/div>\n<\/section><\/div>\n","protected":false},"excerpt":{"rendered":"<p>FAQ &#8211; H\u00e4ufig gestellte Fragen Wo finde ich das Gesch\u00e4ft und wie sind die \u00d6ffnungszeiten? Das Gesch\u00e4ft befindet sich im Stadtzentrum. Sie k\u00f6nnen Ihr Auto direkt vor dem Gesch\u00e4ft parken. Die Adresse lautet: Schulgasse 15, 3636 Westendorf, \u00d6sterreich. Montag &#8211; Samstag: 9:00 bis 12:00 und 16:00 bis 18:00Sonntag: 9:00 bis 11:00 und 16:00 bis 18:00 [&hellip;]<\/p>\n","protected":false},"author":100,"featured_media":0,"parent":0,"menu_order":0,"comment_status":"closed","ping_status":"closed","template":"","meta":{"_acf_changed":false,"footnotes":""},"class_list":["post-18754","page","type-page","status-publish","hentry"],"acf":[],"yoast_head":"<!-- This site is optimized with the Yoast SEO plugin v26.8 - https:\/\/yoast.com\/product\/yoast-seo-wordpress\/ -->\n<title>H\u00e4ufig gestellte Fragen - Summersports Westendorf<\/title>\n<meta name=\"description\" content=\"FAQ - H\u00e4ufig gestellte Fragen. Die meisten Ihrer Fragen werden hier beantwortet. Wenn Sie noch eine Frage haben, z\u00f6gern Sie nicht, uns zu kontaktieren!\" \/>\n<meta name=\"robots\" content=\"index, follow, max-snippet:-1, max-image-preview:large, max-video-preview:-1\" \/>\n<link rel=\"canonical\" href=\"https:\/\/www.summersportswestendorf.com\/de\/haeufig-gestellte-fragen\/\" \/>\n<meta property=\"og:locale\" content=\"de_DE\" \/>\n<meta property=\"og:type\" content=\"article\" \/>\n<meta property=\"og:title\" content=\"H\u00e4ufig gestellte Fragen - Summersports Westendorf\" \/>\n<meta property=\"og:description\" content=\"FAQ - H\u00e4ufig gestellte Fragen. Die meisten Ihrer Fragen werden hier beantwortet. Wenn Sie noch eine Frage haben, z\u00f6gern Sie nicht, uns zu kontaktieren!\" \/>\n<meta property=\"og:url\" content=\"https:\/\/www.summersportswestendorf.com\/de\/haeufig-gestellte-fragen\/\" \/>\n<meta property=\"og:site_name\" content=\"Summersports Westendorf\" \/>\n<meta property=\"article:publisher\" content=\"https:\/\/www.facebook.com\/Summersportswestendorf\" \/>\n<meta property=\"article:modified_time\" content=\"2025-09-01T07:42:56+00:00\" \/>\n<meta name=\"twitter:card\" content=\"summary_large_image\" \/>\n<meta name=\"twitter:label1\" content=\"Gesch\u00e4tzte Lesezeit\" \/>\n\t<meta name=\"twitter:data1\" content=\"4\u00a0Minuten\" \/>\n<script type=\"application\/ld+json\" class=\"yoast-schema-graph\">{\"@context\":\"https:\/\/schema.org\",\"@graph\":[{\"@type\":\"WebPage\",\"@id\":\"https:\/\/www.summersportswestendorf.com\/de\/haeufig-gestellte-fragen\/\",\"url\":\"https:\/\/www.summersportswestendorf.com\/de\/haeufig-gestellte-fragen\/\",\"name\":\"H\u00e4ufig gestellte Fragen - Summersports Westendorf\",\"isPartOf\":{\"@id\":\"https:\/\/www.summersportswestendorf.com\/de\/#website\"},\"datePublished\":\"2022-02-02T18:01:15+00:00\",\"dateModified\":\"2025-09-01T07:42:56+00:00\",\"description\":\"FAQ - H\u00e4ufig gestellte Fragen. Die meisten Ihrer Fragen werden hier beantwortet. Wenn Sie noch eine Frage haben, z\u00f6gern Sie nicht, uns zu kontaktieren!\",\"breadcrumb\":{\"@id\":\"https:\/\/www.summersportswestendorf.com\/de\/haeufig-gestellte-fragen\/#breadcrumb\"},\"inLanguage\":\"de\",\"potentialAction\":[{\"@type\":\"ReadAction\",\"target\":[\"https:\/\/www.summersportswestendorf.com\/de\/haeufig-gestellte-fragen\/\"]}]},{\"@type\":\"BreadcrumbList\",\"@id\":\"https:\/\/www.summersportswestendorf.com\/de\/haeufig-gestellte-fragen\/#breadcrumb\",\"itemListElement\":[{\"@type\":\"ListItem\",\"position\":1,\"name\":\"Home\",\"item\":\"https:\/\/www.summersportswestendorf.com\/de\/\"},{\"@type\":\"ListItem\",\"position\":2,\"name\":\"H\u00e4ufig gestellte Fragen\"}]},{\"@type\":\"WebSite\",\"@id\":\"https:\/\/www.summersportswestendorf.com\/de\/#website\",\"url\":\"https:\/\/www.summersportswestendorf.com\/de\/\",\"name\":\"Summersports Westendorf\",\"description\":\"Fahrradverleih Westendorf\",\"publisher\":{\"@id\":\"https:\/\/www.summersportswestendorf.com\/de\/#organization\"},\"potentialAction\":[{\"@type\":\"SearchAction\",\"target\":{\"@type\":\"EntryPoint\",\"urlTemplate\":\"https:\/\/www.summersportswestendorf.com\/de\/?s={search_term_string}\"},\"query-input\":{\"@type\":\"PropertyValueSpecification\",\"valueRequired\":true,\"valueName\":\"search_term_string\"}}],\"inLanguage\":\"de\"},{\"@type\":\"Organization\",\"@id\":\"https:\/\/www.summersportswestendorf.com\/de\/#organization\",\"name\":\"Summersports Westendorf E-Bike Rental\",\"url\":\"https:\/\/www.summersportswestendorf.com\/de\/\",\"logo\":{\"@type\":\"ImageObject\",\"inLanguage\":\"de\",\"@id\":\"https:\/\/www.summersportswestendorf.com\/de\/#\/schema\/logo\/image\/\",\"url\":\"https:\/\/www.summersportswestendorf.com\/wp-content\/uploads\/2022\/04\/Summersports-Final-Achtergrond-Wit.png\",\"contentUrl\":\"https:\/\/www.summersportswestendorf.com\/wp-content\/uploads\/2022\/04\/Summersports-Final-Achtergrond-Wit.png\",\"width\":1060,\"height\":470,\"caption\":\"Summersports Westendorf E-Bike Rental\"},\"image\":{\"@id\":\"https:\/\/www.summersportswestendorf.com\/de\/#\/schema\/logo\/image\/\"},\"sameAs\":[\"https:\/\/www.facebook.com\/Summersportswestendorf\",\"https:\/\/www.instagram.com\/summersportswestendorf\/\"]}]}<\/script>\n<!-- \/ Yoast SEO plugin. -->","yoast_head_json":{"title":"H\u00e4ufig gestellte Fragen - Summersports Westendorf","description":"FAQ - H\u00e4ufig gestellte Fragen. Die meisten Ihrer Fragen werden hier beantwortet. Wenn Sie noch eine Frage haben, z\u00f6gern Sie nicht, uns zu kontaktieren!","robots":{"index":"index","follow":"follow","max-snippet":"max-snippet:-1","max-image-preview":"max-image-preview:large","max-video-preview":"max-video-preview:-1"},"canonical":"https:\/\/www.summersportswestendorf.com\/de\/haeufig-gestellte-fragen\/","og_locale":"de_DE","og_type":"article","og_title":"H\u00e4ufig gestellte Fragen - Summersports Westendorf","og_description":"FAQ - H\u00e4ufig gestellte Fragen. Die meisten Ihrer Fragen werden hier beantwortet. Wenn Sie noch eine Frage haben, z\u00f6gern Sie nicht, uns zu kontaktieren!","og_url":"https:\/\/www.summersportswestendorf.com\/de\/haeufig-gestellte-fragen\/","og_site_name":"Summersports Westendorf","article_publisher":"https:\/\/www.facebook.com\/Summersportswestendorf","article_modified_time":"2025-09-01T07:42:56+00:00","twitter_card":"summary_large_image","twitter_misc":{"Gesch\u00e4tzte Lesezeit":"4\u00a0Minuten"},"schema":{"@context":"https:\/\/schema.org","@graph":[{"@type":"WebPage","@id":"https:\/\/www.summersportswestendorf.com\/de\/haeufig-gestellte-fragen\/","url":"https:\/\/www.summersportswestendorf.com\/de\/haeufig-gestellte-fragen\/","name":"H\u00e4ufig gestellte Fragen - Summersports Westendorf","isPartOf":{"@id":"https:\/\/www.summersportswestendorf.com\/de\/#website"},"datePublished":"2022-02-02T18:01:15+00:00","dateModified":"2025-09-01T07:42:56+00:00","description":"FAQ - H\u00e4ufig gestellte Fragen. Die meisten Ihrer Fragen werden hier beantwortet. Wenn Sie noch eine Frage haben, z\u00f6gern Sie nicht, uns zu kontaktieren!","breadcrumb":{"@id":"https:\/\/www.summersportswestendorf.com\/de\/haeufig-gestellte-fragen\/#breadcrumb"},"inLanguage":"de","potentialAction":[{"@type":"ReadAction","target":["https:\/\/www.summersportswestendorf.com\/de\/haeufig-gestellte-fragen\/"]}]},{"@type":"BreadcrumbList","@id":"https:\/\/www.summersportswestendorf.com\/de\/haeufig-gestellte-fragen\/#breadcrumb","itemListElement":[{"@type":"ListItem","position":1,"name":"Home","item":"https:\/\/www.summersportswestendorf.com\/de\/"},{"@type":"ListItem","position":2,"name":"H\u00e4ufig gestellte Fragen"}]},{"@type":"WebSite","@id":"https:\/\/www.summersportswestendorf.com\/de\/#website","url":"https:\/\/www.summersportswestendorf.com\/de\/","name":"Summersports Westendorf","description":"Fahrradverleih Westendorf","publisher":{"@id":"https:\/\/www.summersportswestendorf.com\/de\/#organization"},"potentialAction":[{"@type":"SearchAction","target":{"@type":"EntryPoint","urlTemplate":"https:\/\/www.summersportswestendorf.com\/de\/?s={search_term_string}"},"query-input":{"@type":"PropertyValueSpecification","valueRequired":true,"valueName":"search_term_string"}}],"inLanguage":"de"},{"@type":"Organization","@id":"https:\/\/www.summersportswestendorf.com\/de\/#organization","name":"Summersports Westendorf E-Bike Rental","url":"https:\/\/www.summersportswestendorf.com\/de\/","logo":{"@type":"ImageObject","inLanguage":"de","@id":"https:\/\/www.summersportswestendorf.com\/de\/#\/schema\/logo\/image\/","url":"https:\/\/www.summersportswestendorf.com\/wp-content\/uploads\/2022\/04\/Summersports-Final-Achtergrond-Wit.png","contentUrl":"https:\/\/www.summersportswestendorf.com\/wp-content\/uploads\/2022\/04\/Summersports-Final-Achtergrond-Wit.png","width":1060,"height":470,"caption":"Summersports Westendorf E-Bike Rental"},"image":{"@id":"https:\/\/www.summersportswestendorf.com\/de\/#\/schema\/logo\/image\/"},"sameAs":["https:\/\/www.facebook.com\/Summersportswestendorf","https:\/\/www.instagram.com\/summersportswestendorf\/"]}]}},"_links":{"self":[{"href":"https:\/\/www.summersportswestendorf.com\/de\/wp-json\/wp\/v2\/pages\/18754","targetHints":{"allow":["GET"]}}],"collection":[{"href":"https:\/\/www.summersportswestendorf.com\/de\/wp-json\/wp\/v2\/pages"}],"about":[{"href":"https:\/\/www.summersportswestendorf.com\/de\/wp-json\/wp\/v2\/types\/page"}],"author":[{"embeddable":true,"href":"https:\/\/www.summersportswestendorf.com\/de\/wp-json\/wp\/v2\/users\/100"}],"replies":[{"embeddable":true,"href":"https:\/\/www.summersportswestendorf.com\/de\/wp-json\/wp\/v2\/comments?post=18754"}],"version-history":[{"count":0,"href":"https:\/\/www.summersportswestendorf.com\/de\/wp-json\/wp\/v2\/pages\/18754\/revisions"}],"wp:attachment":[{"href":"https:\/\/www.summersportswestendorf.com\/de\/wp-json\/wp\/v2\/media?parent=18754"}],"curies":[{"name":"wp","href":"https:\/\/api.w.org\/{rel}","templated":true}]}}