{"id":20285,"date":"2022-06-02T14:30:54","date_gmt":"2022-06-02T13:30:54","guid":{"rendered":"https:\/\/www.summersportswestendorf.com\/blogs\/"},"modified":"2022-06-27T15:21:58","modified_gmt":"2022-06-27T14:21:58","slug":"blogs","status":"publish","type":"page","link":"https:\/\/www.summersportswestendorf.com\/de\/blogs\/","title":{"rendered":"Blogs"},"content":{"rendered":"\n<div data-elementor-type=\"wp-page\" data-elementor-id=\"20285\" class=\"elementor elementor-20285 elementor-20179\" data-elementor-post-type=\"page\">\n<section class=\"elementor-section elementor-top-section elementor-element elementor-element-61c634e elementor-section-boxed elementor-section-height-default elementor-section-height-default\" data-id=\"61c634e\" data-element_type=\"section\">\n<div class=\"elementor-container elementor-column-gap-default\">\n<div class=\"elementor-column elementor-col-100 elementor-top-column elementor-element elementor-element-cdb8509\" data-id=\"cdb8509\" data-element_type=\"column\">\n<div class=\"elementor-widget-wrap elementor-element-populated\">\n<div class=\"elementor-element elementor-element-32a1c47 elementor-widget elementor-widget-heading\" data-id=\"32a1c47\" data-element_type=\"widget\" data-widget_type=\"heading.default\">\n<div class=\"elementor-widget-container\">\n<h2 class=\"elementor-heading-title elementor-size-default\">Blogs<\/h2>\n<\/div>\n<\/div>\n<div class=\"elementor-element elementor-element-a268930 elementor-widget elementor-widget-text-editor\" data-id=\"a268930\" data-element_type=\"widget\" data-widget_type=\"text-editor.default\">\n<div class=\"elementor-widget-container\">\n\t\t\t\t\t\t\t\t\tIn diesen Blogs schreiben wir alles \u00fcber Mountainbiken, wie man sein Mountainbike repariert, sch\u00f6ne Biketouren, Downhill Trails und nicht zuletzt \u00fcber verschiedene gro\u00dfe oder w\u00f6chentliche Events in Westendorf, Brixen und den umliegenden Kitzb\u00fcheler Alpen!\t\t\t\t\t\t\t\t<\/div>\n<\/div>\n<div class=\"elementor-element elementor-element-1457a43 elementor-widget-divider--view-line elementor-widget elementor-widget-divider\" data-id=\"1457a43\" data-element_type=\"widget\" data-widget_type=\"divider.default\">\n<div class=\"elementor-widget-container\">\n<div class=\"elementor-divider\">\n\t\t\t<span class=\"elementor-divider-separator\"><br \/>\n\t\t\t\t\t\t<\/span>\n\t\t<\/div>\n<\/div>\n<\/div>\n<\/div>\n<\/div>\n<\/div>\n<\/section><\/div>\n","protected":false},"excerpt":{"rendered":"<p>Blogs In diesen Blogs schreiben wir alles \u00fcber Mountainbiken, wie man sein Mountainbike repariert, sch\u00f6ne Biketouren, Downhill Trails und nicht zuletzt \u00fcber verschiedene gro\u00dfe oder w\u00f6chentliche Events in Westendorf, Brixen und den umliegenden Kitzb\u00fcheler Alpen! Replace break pads How to How to: replace my brake pads Do you brake very slowly or does it take [&hellip;]<\/p>\n","protected":false},"author":100,"featured_media":0,"parent":0,"menu_order":0,"comment_status":"closed","ping_status":"closed","template":"","meta":{"_acf_changed":false,"footnotes":""},"class_list":["post-20285","page","type-page","status-publish","hentry"],"acf":[],"yoast_head":"<!-- This site is optimized with the Yoast SEO plugin v26.8 - https:\/\/yoast.com\/product\/yoast-seo-wordpress\/ -->\n<title>Blogs - Summersports Westendorf<\/title>\n<meta name=\"description\" content=\"In deze blogs zullen we alles schrijven over mountainbiken, tochten, trails en tot slot verschillende grote of wekelijkse evenementen in Westendorf.\" \/>\n<meta name=\"robots\" content=\"index, follow, max-snippet:-1, max-image-preview:large, max-video-preview:-1\" \/>\n<link rel=\"canonical\" href=\"https:\/\/www.summersportswestendorf.com\/de\/blogs\/\" \/>\n<meta property=\"og:locale\" content=\"de_DE\" \/>\n<meta property=\"og:type\" content=\"article\" \/>\n<meta property=\"og:title\" content=\"Blogs - Summersports Westendorf\" \/>\n<meta property=\"og:description\" content=\"In deze blogs zullen we alles schrijven over mountainbiken, tochten, trails en tot slot verschillende grote of wekelijkse evenementen in Westendorf.\" \/>\n<meta property=\"og:url\" content=\"https:\/\/www.summersportswestendorf.com\/de\/blogs\/\" \/>\n<meta property=\"og:site_name\" content=\"Summersports Westendorf\" \/>\n<meta property=\"article:publisher\" content=\"https:\/\/www.facebook.com\/Summersportswestendorf\" \/>\n<meta property=\"article:modified_time\" content=\"2022-06-27T14:21:58+00:00\" \/>\n<meta property=\"og:image\" content=\"https:\/\/www.summersportswestendorf.com\/wp-content\/uploads\/2022\/06\/replacing-brake-pads-150x150.jpg\" \/>\n<meta name=\"twitter:card\" content=\"summary_large_image\" \/>\n<meta name=\"twitter:label1\" content=\"Gesch\u00e4tzte Lesezeit\" \/>\n\t<meta name=\"twitter:data1\" content=\"1\u00a0Minute\" \/>\n<script type=\"application\/ld+json\" class=\"yoast-schema-graph\">{\"@context\":\"https:\/\/schema.org\",\"@graph\":[{\"@type\":\"WebPage\",\"@id\":\"https:\/\/www.summersportswestendorf.com\/de\/blogs\/\",\"url\":\"https:\/\/www.summersportswestendorf.com\/de\/blogs\/\",\"name\":\"Blogs - Summersports Westendorf\",\"isPartOf\":{\"@id\":\"https:\/\/www.summersportswestendorf.com\/de\/#website\"},\"primaryImageOfPage\":{\"@id\":\"https:\/\/www.summersportswestendorf.com\/de\/blogs\/#primaryimage\"},\"image\":{\"@id\":\"https:\/\/www.summersportswestendorf.com\/de\/blogs\/#primaryimage\"},\"thumbnailUrl\":\"https:\/\/www.summersportswestendorf.com\/wp-content\/uploads\/2022\/06\/replacing-brake-pads-150x150.jpg\",\"datePublished\":\"2022-06-02T13:30:54+00:00\",\"dateModified\":\"2022-06-27T14:21:58+00:00\",\"description\":\"In deze blogs zullen we alles schrijven over mountainbiken, tochten, trails en tot slot verschillende grote of wekelijkse evenementen in Westendorf.\",\"breadcrumb\":{\"@id\":\"https:\/\/www.summersportswestendorf.com\/de\/blogs\/#breadcrumb\"},\"inLanguage\":\"de\",\"potentialAction\":[{\"@type\":\"ReadAction\",\"target\":[\"https:\/\/www.summersportswestendorf.com\/de\/blogs\/\"]}]},{\"@type\":\"ImageObject\",\"inLanguage\":\"de\",\"@id\":\"https:\/\/www.summersportswestendorf.com\/de\/blogs\/#primaryimage\",\"url\":\"https:\/\/www.summersportswestendorf.com\/wp-content\/uploads\/2022\/06\/replacing-brake-pads-150x150.jpg\",\"contentUrl\":\"https:\/\/www.summersportswestendorf.com\/wp-content\/uploads\/2022\/06\/replacing-brake-pads-150x150.jpg\"},{\"@type\":\"BreadcrumbList\",\"@id\":\"https:\/\/www.summersportswestendorf.com\/de\/blogs\/#breadcrumb\",\"itemListElement\":[{\"@type\":\"ListItem\",\"position\":1,\"name\":\"Home\",\"item\":\"https:\/\/www.summersportswestendorf.com\/de\/\"},{\"@type\":\"ListItem\",\"position\":2,\"name\":\"Blogs\"}]},{\"@type\":\"WebSite\",\"@id\":\"https:\/\/www.summersportswestendorf.com\/de\/#website\",\"url\":\"https:\/\/www.summersportswestendorf.com\/de\/\",\"name\":\"Summersports Westendorf\",\"description\":\"Fahrradverleih Westendorf\",\"publisher\":{\"@id\":\"https:\/\/www.summersportswestendorf.com\/de\/#organization\"},\"potentialAction\":[{\"@type\":\"SearchAction\",\"target\":{\"@type\":\"EntryPoint\",\"urlTemplate\":\"https:\/\/www.summersportswestendorf.com\/de\/?s={search_term_string}\"},\"query-input\":{\"@type\":\"PropertyValueSpecification\",\"valueRequired\":true,\"valueName\":\"search_term_string\"}}],\"inLanguage\":\"de\"},{\"@type\":\"Organization\",\"@id\":\"https:\/\/www.summersportswestendorf.com\/de\/#organization\",\"name\":\"Summersports Westendorf E-Bike Rental\",\"url\":\"https:\/\/www.summersportswestendorf.com\/de\/\",\"logo\":{\"@type\":\"ImageObject\",\"inLanguage\":\"de\",\"@id\":\"https:\/\/www.summersportswestendorf.com\/de\/#\/schema\/logo\/image\/\",\"url\":\"https:\/\/www.summersportswestendorf.com\/wp-content\/uploads\/2022\/04\/Summersports-Final-Achtergrond-Wit.png\",\"contentUrl\":\"https:\/\/www.summersportswestendorf.com\/wp-content\/uploads\/2022\/04\/Summersports-Final-Achtergrond-Wit.png\",\"width\":1060,\"height\":470,\"caption\":\"Summersports Westendorf E-Bike Rental\"},\"image\":{\"@id\":\"https:\/\/www.summersportswestendorf.com\/de\/#\/schema\/logo\/image\/\"},\"sameAs\":[\"https:\/\/www.facebook.com\/Summersportswestendorf\",\"https:\/\/www.instagram.com\/summersportswestendorf\/\"]}]}<\/script>\n<!-- \/ Yoast SEO plugin. -->","yoast_head_json":{"title":"Blogs - Summersports Westendorf","description":"In deze blogs zullen we alles schrijven over mountainbiken, tochten, trails en tot slot verschillende grote of wekelijkse evenementen in Westendorf.","robots":{"index":"index","follow":"follow","max-snippet":"max-snippet:-1","max-image-preview":"max-image-preview:large","max-video-preview":"max-video-preview:-1"},"canonical":"https:\/\/www.summersportswestendorf.com\/de\/blogs\/","og_locale":"de_DE","og_type":"article","og_title":"Blogs - Summersports Westendorf","og_description":"In deze blogs zullen we alles schrijven over mountainbiken, tochten, trails en tot slot verschillende grote of wekelijkse evenementen in Westendorf.","og_url":"https:\/\/www.summersportswestendorf.com\/de\/blogs\/","og_site_name":"Summersports Westendorf","article_publisher":"https:\/\/www.facebook.com\/Summersportswestendorf","article_modified_time":"2022-06-27T14:21:58+00:00","og_image":[{"url":"https:\/\/www.summersportswestendorf.com\/wp-content\/uploads\/2022\/06\/replacing-brake-pads-150x150.jpg","type":"","width":"","height":""}],"twitter_card":"summary_large_image","twitter_misc":{"Gesch\u00e4tzte Lesezeit":"1\u00a0Minute"},"schema":{"@context":"https:\/\/schema.org","@graph":[{"@type":"WebPage","@id":"https:\/\/www.summersportswestendorf.com\/de\/blogs\/","url":"https:\/\/www.summersportswestendorf.com\/de\/blogs\/","name":"Blogs - Summersports Westendorf","isPartOf":{"@id":"https:\/\/www.summersportswestendorf.com\/de\/#website"},"primaryImageOfPage":{"@id":"https:\/\/www.summersportswestendorf.com\/de\/blogs\/#primaryimage"},"image":{"@id":"https:\/\/www.summersportswestendorf.com\/de\/blogs\/#primaryimage"},"thumbnailUrl":"https:\/\/www.summersportswestendorf.com\/wp-content\/uploads\/2022\/06\/replacing-brake-pads-150x150.jpg","datePublished":"2022-06-02T13:30:54+00:00","dateModified":"2022-06-27T14:21:58+00:00","description":"In deze blogs zullen we alles schrijven over mountainbiken, tochten, trails en tot slot verschillende grote of wekelijkse evenementen in Westendorf.","breadcrumb":{"@id":"https:\/\/www.summersportswestendorf.com\/de\/blogs\/#breadcrumb"},"inLanguage":"de","potentialAction":[{"@type":"ReadAction","target":["https:\/\/www.summersportswestendorf.com\/de\/blogs\/"]}]},{"@type":"ImageObject","inLanguage":"de","@id":"https:\/\/www.summersportswestendorf.com\/de\/blogs\/#primaryimage","url":"https:\/\/www.summersportswestendorf.com\/wp-content\/uploads\/2022\/06\/replacing-brake-pads-150x150.jpg","contentUrl":"https:\/\/www.summersportswestendorf.com\/wp-content\/uploads\/2022\/06\/replacing-brake-pads-150x150.jpg"},{"@type":"BreadcrumbList","@id":"https:\/\/www.summersportswestendorf.com\/de\/blogs\/#breadcrumb","itemListElement":[{"@type":"ListItem","position":1,"name":"Home","item":"https:\/\/www.summersportswestendorf.com\/de\/"},{"@type":"ListItem","position":2,"name":"Blogs"}]},{"@type":"WebSite","@id":"https:\/\/www.summersportswestendorf.com\/de\/#website","url":"https:\/\/www.summersportswestendorf.com\/de\/","name":"Summersports Westendorf","description":"Fahrradverleih Westendorf","publisher":{"@id":"https:\/\/www.summersportswestendorf.com\/de\/#organization"},"potentialAction":[{"@type":"SearchAction","target":{"@type":"EntryPoint","urlTemplate":"https:\/\/www.summersportswestendorf.com\/de\/?s={search_term_string}"},"query-input":{"@type":"PropertyValueSpecification","valueRequired":true,"valueName":"search_term_string"}}],"inLanguage":"de"},{"@type":"Organization","@id":"https:\/\/www.summersportswestendorf.com\/de\/#organization","name":"Summersports Westendorf E-Bike Rental","url":"https:\/\/www.summersportswestendorf.com\/de\/","logo":{"@type":"ImageObject","inLanguage":"de","@id":"https:\/\/www.summersportswestendorf.com\/de\/#\/schema\/logo\/image\/","url":"https:\/\/www.summersportswestendorf.com\/wp-content\/uploads\/2022\/04\/Summersports-Final-Achtergrond-Wit.png","contentUrl":"https:\/\/www.summersportswestendorf.com\/wp-content\/uploads\/2022\/04\/Summersports-Final-Achtergrond-Wit.png","width":1060,"height":470,"caption":"Summersports Westendorf E-Bike Rental"},"image":{"@id":"https:\/\/www.summersportswestendorf.com\/de\/#\/schema\/logo\/image\/"},"sameAs":["https:\/\/www.facebook.com\/Summersportswestendorf","https:\/\/www.instagram.com\/summersportswestendorf\/"]}]}},"_links":{"self":[{"href":"https:\/\/www.summersportswestendorf.com\/de\/wp-json\/wp\/v2\/pages\/20285","targetHints":{"allow":["GET"]}}],"collection":[{"href":"https:\/\/www.summersportswestendorf.com\/de\/wp-json\/wp\/v2\/pages"}],"about":[{"href":"https:\/\/www.summersportswestendorf.com\/de\/wp-json\/wp\/v2\/types\/page"}],"author":[{"embeddable":true,"href":"https:\/\/www.summersportswestendorf.com\/de\/wp-json\/wp\/v2\/users\/100"}],"replies":[{"embeddable":true,"href":"https:\/\/www.summersportswestendorf.com\/de\/wp-json\/wp\/v2\/comments?post=20285"}],"version-history":[{"count":0,"href":"https:\/\/www.summersportswestendorf.com\/de\/wp-json\/wp\/v2\/pages\/20285\/revisions"}],"wp:attachment":[{"href":"https:\/\/www.summersportswestendorf.com\/de\/wp-json\/wp\/v2\/media?parent=20285"}],"curies":[{"name":"wp","href":"https:\/\/api.w.org\/{rel}","templated":true}]}}