{"id":18903,"date":"2020-06-30T13:11:27","date_gmt":"2020-06-30T12:11:27","guid":{"rendered":"https:\/\/www.summersportswestendorf.com\/shop\/unkategorisiert\/mountainbike-kids\/"},"modified":"2025-06-25T08:16:17","modified_gmt":"2025-06-25T07:16:17","slug":"mountainbike-kids","status":"publish","type":"product","link":"https:\/\/www.summersportswestendorf.com\/de\/shop\/mountainbikes-de\/mountainbike-kids\/","title":{"rendered":"Mountainbike Kids"},"content":{"rendered":"<p>Das Cube Acid 240 2022 mit seinen 24\u2033-Laufr\u00e4dern ist ein sch\u00f6nes Mountainbike f\u00fcr Kinder, die noch nicht auf ein Full-Size-Mountainbike passen. Das Cube Acid 240 ist ein Bike, das dem sehr nahe kommt, nur eben mit einem kleineren Rahmen. Auch bei der Ausstattung gibt es keine Kompromisse. Das Rad hat eine Shimano Altus 1\u00d77 Schaltung. Das Fahrrad hat einen stabilen Aluminiumrahmen (die gleiche Art von Aluminium wie bei den Erwachsenen-Mountainbikes von Cube). Au\u00dferdem verf\u00fcgt dieses Kinder-Mountainbike \u00fcber eine SR Suntour-Federgabel mit 60 mm Federweg f\u00fcr zus\u00e4tzlichen Komfort. Dank dieser Vorderradgabel eignet sich das Fahrrad auch sehr gut f\u00fcr Rennen durch den Wald. Das Fahrrad ist mit Felgenbremsen ausgestattet, und die vordere Felgenbremse hat auch einen Leistungsmodulator, so dass nicht die gesamte Bremskraft auf einmal freigegeben wird, was das Ergebnis in einem \u00dcberschlag \u00fcber den Lenker senkt.<\/p>\n<p>&nbsp;<\/p>\n<p>Mit seinen 24\u2033 ist das Fahrrad f\u00fcr Kinder zwischen 8 und 11 Jahren mit einer L\u00e4nge zwischen 125 und 140 cm geeignet.<\/p>\n","protected":false},"excerpt":{"rendered":"<p>Der Rahmen des Acid 240 ist aus dem gleichen w\u00e4rmebehandelten Aluminium gefertigt wie der unserer Erwachsenenr\u00e4der. Er ist genauso robust wie der eines ausgewachsenen Mountainbikes, hat aber das richtige Gewicht und die richtigen Proportionen f\u00fcr ein Kind. Geeignet f\u00fcr Kinder zwischen 8 und 11 Jahren mit einer L\u00e4nge zwischen 125 und 140 cm.<\/p>\n<p>Wie man online bucht:<br \/>\nSie k\u00f6nnen jeweils nur f\u00fcr eine Person buchen. W\u00e4hlen Sie die Daten, buchen Sie Ihr Zubeh\u00f6r und geben Sie Ihre K\u00f6rpergr\u00f6\u00dfe an. Danach legen Sie Ihre Reservierung in den Einkaufskorb und machen das Gleiche f\u00fcr den Rest Ihrer Familie oder Freunde. Wenn Sie nicht nacheinander buchen m\u00f6chten, geben Sie die ersten Daten im Warenkorb ein und w\u00e4hlen Sie die anderen Tage aus, an denen Sie Ihre Bestellung aufgeben m\u00f6chten.<\/p>\n","protected":false},"featured_media":20649,"template":"","meta":{"_acf_changed":false},"product_brand":[],"product_cat":[191],"product_tag":[],"class_list":{"0":"post-18903","1":"product","2":"type-product","3":"status-publish","4":"has-post-thumbnail","6":"product_cat-mountainbikes-de","8":"first","9":"instock","10":"sold-individually","11":"taxable","12":"shipping-taxable","13":"purchasable","14":"product-type-booking"},"exclude_global_add_ons":false,"addons":[{"name":"Helm","type":"multiple_choice","position":0,"required":true,"title_format":"heading","default":"","description_enable":false,"description":"","placeholder_enable":false,"placeholder":"","display":"select","restrictions_type":"any_text","adjust_price":false,"price":"","price_type":"flat_fee","restrictions":false,"min":"0","max":"0","options":[{"label":"No helm","price":"","price_type":"quantity_based","image":0,"visibility":true},{"label":"Helm","price":"5.00","price_type":"quantity_based","image":0,"visibility":true}]},{"name":"Gelsattel","type":"multiple_choice","position":1,"required":false,"title_format":"heading","default":"","description_enable":false,"description":"","placeholder_enable":false,"placeholder":"","display":"select","restrictions_type":"any_text","adjust_price":false,"price":"","price_type":"flat_fee","restrictions":false,"min":"0","max":"0","options":[{"label":"Gelsattel","price":"3","price_type":"quantity_based","image":0,"visibility":true}]},{"name":"Telefonhalterung","type":"multiple_choice","position":2,"required":false,"title_format":"label","default":"","description_enable":false,"description":"","placeholder_enable":false,"placeholder":"","display":"select","restrictions_type":"any_text","adjust_price":false,"price":"","price_type":"flat_fee","restrictions":false,"min":"0","max":"0","options":[{"label":"Telefonhalterung ","price":"3","price_type":"quantity_based","image":0,"visibility":true}]}],"acf":[],"yoast_head":"<!-- This site is optimized with the Yoast SEO plugin v26.8 - https:\/\/yoast.com\/product\/yoast-seo-wordpress\/ -->\n<title>Mountainbike Kids - Summersports Westendorf<\/title>\n<meta name=\"description\" content=\"Mieten Sie ein Kinder-Mountainbike in Westendorf, Brixental. W\u00e4hlen Sie im Kalender f\u00fcr wie viele Personen, Termine und Zubeh\u00f6r. Nie war es einfacher!\" \/>\n<meta name=\"robots\" content=\"index, follow, max-snippet:-1, max-image-preview:large, max-video-preview:-1\" \/>\n<link rel=\"canonical\" href=\"https:\/\/www.summersportswestendorf.com\/de\/shop\/mountainbikes-de\/mountainbike-kids\/\" \/>\n<meta property=\"og:locale\" content=\"de_DE\" \/>\n<meta property=\"og:type\" content=\"article\" \/>\n<meta property=\"og:title\" content=\"Mountainbike Kids - Summersports Westendorf\" \/>\n<meta property=\"og:description\" content=\"Mieten Sie ein Kinder-Mountainbike in Westendorf, Brixental. W\u00e4hlen Sie im Kalender f\u00fcr wie viele Personen, Termine und Zubeh\u00f6r. Nie war es einfacher!\" \/>\n<meta property=\"og:url\" content=\"https:\/\/www.summersportswestendorf.com\/de\/shop\/mountainbikes-de\/mountainbike-kids\/\" \/>\n<meta property=\"og:site_name\" content=\"Summersports Westendorf\" \/>\n<meta property=\"article:publisher\" content=\"https:\/\/www.facebook.com\/Summersportswestendorf\" \/>\n<meta property=\"article:modified_time\" content=\"2025-06-25T07:16:17+00:00\" \/>\n<meta property=\"og:image\" content=\"https:\/\/www.summersportswestendorf.com\/wp-content\/uploads\/2022\/05\/423130_light_zoom.jpg\" \/>\n\t<meta property=\"og:image:width\" content=\"1000\" \/>\n\t<meta property=\"og:image:height\" content=\"1000\" \/>\n\t<meta property=\"og:image:type\" content=\"image\/jpeg\" \/>\n<meta name=\"twitter:card\" content=\"summary_large_image\" \/>\n<meta name=\"twitter:label1\" content=\"Gesch\u00e4tzte Lesezeit\" \/>\n\t<meta name=\"twitter:data1\" content=\"1\u00a0Minute\" \/>\n<script type=\"application\/ld+json\" class=\"yoast-schema-graph\">{\"@context\":\"https:\/\/schema.org\",\"@graph\":[{\"@type\":\"WebPage\",\"@id\":\"https:\/\/www.summersportswestendorf.com\/de\/shop\/mountainbikes-de\/mountainbike-kids\/\",\"url\":\"https:\/\/www.summersportswestendorf.com\/de\/shop\/mountainbikes-de\/mountainbike-kids\/\",\"name\":\"Mountainbike Kids - Summersports Westendorf\",\"isPartOf\":{\"@id\":\"https:\/\/www.summersportswestendorf.com\/de\/#website\"},\"primaryImageOfPage\":{\"@id\":\"https:\/\/www.summersportswestendorf.com\/de\/shop\/mountainbikes-de\/mountainbike-kids\/#primaryimage\"},\"image\":{\"@id\":\"https:\/\/www.summersportswestendorf.com\/de\/shop\/mountainbikes-de\/mountainbike-kids\/#primaryimage\"},\"thumbnailUrl\":\"https:\/\/www.summersportswestendorf.com\/wp-content\/uploads\/2022\/05\/423130_light_zoom.jpg\",\"datePublished\":\"2020-06-30T12:11:27+00:00\",\"dateModified\":\"2025-06-25T07:16:17+00:00\",\"description\":\"Mieten Sie ein Kinder-Mountainbike in Westendorf, Brixental. W\u00e4hlen Sie im Kalender f\u00fcr wie viele Personen, Termine und Zubeh\u00f6r. Nie war es einfacher!\",\"breadcrumb\":{\"@id\":\"https:\/\/www.summersportswestendorf.com\/de\/shop\/mountainbikes-de\/mountainbike-kids\/#breadcrumb\"},\"inLanguage\":\"de\",\"potentialAction\":[{\"@type\":\"ReadAction\",\"target\":[\"https:\/\/www.summersportswestendorf.com\/de\/shop\/mountainbikes-de\/mountainbike-kids\/\"]}]},{\"@type\":\"ImageObject\",\"inLanguage\":\"de\",\"@id\":\"https:\/\/www.summersportswestendorf.com\/de\/shop\/mountainbikes-de\/mountainbike-kids\/#primaryimage\",\"url\":\"https:\/\/www.summersportswestendorf.com\/wp-content\/uploads\/2022\/05\/423130_light_zoom.jpg\",\"contentUrl\":\"https:\/\/www.summersportswestendorf.com\/wp-content\/uploads\/2022\/05\/423130_light_zoom.jpg\",\"width\":1000,\"height\":1000},{\"@type\":\"BreadcrumbList\",\"@id\":\"https:\/\/www.summersportswestendorf.com\/de\/shop\/mountainbikes-de\/mountainbike-kids\/#breadcrumb\",\"itemListElement\":[{\"@type\":\"ListItem\",\"position\":1,\"name\":\"Home\",\"item\":\"https:\/\/www.summersportswestendorf.com\/de\/\"},{\"@type\":\"ListItem\",\"position\":2,\"name\":\"Online buchen\",\"item\":\"https:\/\/www.summersportswestendorf.com\/de\/online-buchen\/\"},{\"@type\":\"ListItem\",\"position\":3,\"name\":\"Mountainbike Kids\"}]},{\"@type\":\"WebSite\",\"@id\":\"https:\/\/www.summersportswestendorf.com\/de\/#website\",\"url\":\"https:\/\/www.summersportswestendorf.com\/de\/\",\"name\":\"Summersports Westendorf\",\"description\":\"Fahrradverleih Westendorf\",\"publisher\":{\"@id\":\"https:\/\/www.summersportswestendorf.com\/de\/#organization\"},\"potentialAction\":[{\"@type\":\"SearchAction\",\"target\":{\"@type\":\"EntryPoint\",\"urlTemplate\":\"https:\/\/www.summersportswestendorf.com\/de\/?s={search_term_string}\"},\"query-input\":{\"@type\":\"PropertyValueSpecification\",\"valueRequired\":true,\"valueName\":\"search_term_string\"}}],\"inLanguage\":\"de\"},{\"@type\":\"Organization\",\"@id\":\"https:\/\/www.summersportswestendorf.com\/de\/#organization\",\"name\":\"Summersports Westendorf E-Bike Rental\",\"url\":\"https:\/\/www.summersportswestendorf.com\/de\/\",\"logo\":{\"@type\":\"ImageObject\",\"inLanguage\":\"de\",\"@id\":\"https:\/\/www.summersportswestendorf.com\/de\/#\/schema\/logo\/image\/\",\"url\":\"https:\/\/www.summersportswestendorf.com\/wp-content\/uploads\/2022\/04\/Summersports-Final-Achtergrond-Wit.png\",\"contentUrl\":\"https:\/\/www.summersportswestendorf.com\/wp-content\/uploads\/2022\/04\/Summersports-Final-Achtergrond-Wit.png\",\"width\":1060,\"height\":470,\"caption\":\"Summersports Westendorf E-Bike Rental\"},\"image\":{\"@id\":\"https:\/\/www.summersportswestendorf.com\/de\/#\/schema\/logo\/image\/\"},\"sameAs\":[\"https:\/\/www.facebook.com\/Summersportswestendorf\",\"https:\/\/www.instagram.com\/summersportswestendorf\/\"]}]}<\/script>\n<!-- \/ Yoast SEO plugin. -->","yoast_head_json":{"title":"Mountainbike Kids - Summersports Westendorf","description":"Mieten Sie ein Kinder-Mountainbike in Westendorf, Brixental. W\u00e4hlen Sie im Kalender f\u00fcr wie viele Personen, Termine und Zubeh\u00f6r. Nie war es einfacher!","robots":{"index":"index","follow":"follow","max-snippet":"max-snippet:-1","max-image-preview":"max-image-preview:large","max-video-preview":"max-video-preview:-1"},"canonical":"https:\/\/www.summersportswestendorf.com\/de\/shop\/mountainbikes-de\/mountainbike-kids\/","og_locale":"de_DE","og_type":"article","og_title":"Mountainbike Kids - Summersports Westendorf","og_description":"Mieten Sie ein Kinder-Mountainbike in Westendorf, Brixental. W\u00e4hlen Sie im Kalender f\u00fcr wie viele Personen, Termine und Zubeh\u00f6r. Nie war es einfacher!","og_url":"https:\/\/www.summersportswestendorf.com\/de\/shop\/mountainbikes-de\/mountainbike-kids\/","og_site_name":"Summersports Westendorf","article_publisher":"https:\/\/www.facebook.com\/Summersportswestendorf","article_modified_time":"2025-06-25T07:16:17+00:00","og_image":[{"width":1000,"height":1000,"url":"https:\/\/www.summersportswestendorf.com\/wp-content\/uploads\/2022\/05\/423130_light_zoom.jpg","type":"image\/jpeg"}],"twitter_card":"summary_large_image","twitter_misc":{"Gesch\u00e4tzte Lesezeit":"1\u00a0Minute"},"schema":{"@context":"https:\/\/schema.org","@graph":[{"@type":"WebPage","@id":"https:\/\/www.summersportswestendorf.com\/de\/shop\/mountainbikes-de\/mountainbike-kids\/","url":"https:\/\/www.summersportswestendorf.com\/de\/shop\/mountainbikes-de\/mountainbike-kids\/","name":"Mountainbike Kids - Summersports Westendorf","isPartOf":{"@id":"https:\/\/www.summersportswestendorf.com\/de\/#website"},"primaryImageOfPage":{"@id":"https:\/\/www.summersportswestendorf.com\/de\/shop\/mountainbikes-de\/mountainbike-kids\/#primaryimage"},"image":{"@id":"https:\/\/www.summersportswestendorf.com\/de\/shop\/mountainbikes-de\/mountainbike-kids\/#primaryimage"},"thumbnailUrl":"https:\/\/www.summersportswestendorf.com\/wp-content\/uploads\/2022\/05\/423130_light_zoom.jpg","datePublished":"2020-06-30T12:11:27+00:00","dateModified":"2025-06-25T07:16:17+00:00","description":"Mieten Sie ein Kinder-Mountainbike in Westendorf, Brixental. W\u00e4hlen Sie im Kalender f\u00fcr wie viele Personen, Termine und Zubeh\u00f6r. Nie war es einfacher!","breadcrumb":{"@id":"https:\/\/www.summersportswestendorf.com\/de\/shop\/mountainbikes-de\/mountainbike-kids\/#breadcrumb"},"inLanguage":"de","potentialAction":[{"@type":"ReadAction","target":["https:\/\/www.summersportswestendorf.com\/de\/shop\/mountainbikes-de\/mountainbike-kids\/"]}]},{"@type":"ImageObject","inLanguage":"de","@id":"https:\/\/www.summersportswestendorf.com\/de\/shop\/mountainbikes-de\/mountainbike-kids\/#primaryimage","url":"https:\/\/www.summersportswestendorf.com\/wp-content\/uploads\/2022\/05\/423130_light_zoom.jpg","contentUrl":"https:\/\/www.summersportswestendorf.com\/wp-content\/uploads\/2022\/05\/423130_light_zoom.jpg","width":1000,"height":1000},{"@type":"BreadcrumbList","@id":"https:\/\/www.summersportswestendorf.com\/de\/shop\/mountainbikes-de\/mountainbike-kids\/#breadcrumb","itemListElement":[{"@type":"ListItem","position":1,"name":"Home","item":"https:\/\/www.summersportswestendorf.com\/de\/"},{"@type":"ListItem","position":2,"name":"Online buchen","item":"https:\/\/www.summersportswestendorf.com\/de\/online-buchen\/"},{"@type":"ListItem","position":3,"name":"Mountainbike Kids"}]},{"@type":"WebSite","@id":"https:\/\/www.summersportswestendorf.com\/de\/#website","url":"https:\/\/www.summersportswestendorf.com\/de\/","name":"Summersports Westendorf","description":"Fahrradverleih Westendorf","publisher":{"@id":"https:\/\/www.summersportswestendorf.com\/de\/#organization"},"potentialAction":[{"@type":"SearchAction","target":{"@type":"EntryPoint","urlTemplate":"https:\/\/www.summersportswestendorf.com\/de\/?s={search_term_string}"},"query-input":{"@type":"PropertyValueSpecification","valueRequired":true,"valueName":"search_term_string"}}],"inLanguage":"de"},{"@type":"Organization","@id":"https:\/\/www.summersportswestendorf.com\/de\/#organization","name":"Summersports Westendorf E-Bike Rental","url":"https:\/\/www.summersportswestendorf.com\/de\/","logo":{"@type":"ImageObject","inLanguage":"de","@id":"https:\/\/www.summersportswestendorf.com\/de\/#\/schema\/logo\/image\/","url":"https:\/\/www.summersportswestendorf.com\/wp-content\/uploads\/2022\/04\/Summersports-Final-Achtergrond-Wit.png","contentUrl":"https:\/\/www.summersportswestendorf.com\/wp-content\/uploads\/2022\/04\/Summersports-Final-Achtergrond-Wit.png","width":1060,"height":470,"caption":"Summersports Westendorf E-Bike Rental"},"image":{"@id":"https:\/\/www.summersportswestendorf.com\/de\/#\/schema\/logo\/image\/"},"sameAs":["https:\/\/www.facebook.com\/Summersportswestendorf","https:\/\/www.instagram.com\/summersportswestendorf\/"]}]}},"_links":{"self":[{"href":"https:\/\/www.summersportswestendorf.com\/de\/wp-json\/wp\/v2\/product\/18903","targetHints":{"allow":["GET"]}}],"collection":[{"href":"https:\/\/www.summersportswestendorf.com\/de\/wp-json\/wp\/v2\/product"}],"about":[{"href":"https:\/\/www.summersportswestendorf.com\/de\/wp-json\/wp\/v2\/types\/product"}],"wp:featuredmedia":[{"embeddable":true,"href":"https:\/\/www.summersportswestendorf.com\/de\/wp-json\/wp\/v2\/media\/20649"}],"wp:attachment":[{"href":"https:\/\/www.summersportswestendorf.com\/de\/wp-json\/wp\/v2\/media?parent=18903"}],"wp:term":[{"taxonomy":"product_brand","embeddable":true,"href":"https:\/\/www.summersportswestendorf.com\/de\/wp-json\/wp\/v2\/product_brand?post=18903"},{"taxonomy":"product_cat","embeddable":true,"href":"https:\/\/www.summersportswestendorf.com\/de\/wp-json\/wp\/v2\/product_cat?post=18903"},{"taxonomy":"product_tag","embeddable":true,"href":"https:\/\/www.summersportswestendorf.com\/de\/wp-json\/wp\/v2\/product_tag?post=18903"}],"curies":[{"name":"wp","href":"https:\/\/api.w.org\/{rel}","templated":true}]}}