{"id":25968,"date":"2025-06-12T08:41:39","date_gmt":"2025-06-12T07:41:39","guid":{"rendered":"https:\/\/www.summersportswestendorf.com\/?post_type=product&#038;p=25968"},"modified":"2025-07-14T10:10:54","modified_gmt":"2025-07-14T09:10:54","slug":"burlee-bee-trailer-fur-zwei-kinder-kopie","status":"publish","type":"product","link":"https:\/\/www.summersportswestendorf.com\/de\/shop\/e-mountainbikes-de\/burlee-bee-trailer-fur-zwei-kinder-kopie\/","title":{"rendered":"Fahrradanh\u00e4nger Hunde"},"content":{"rendered":"<h3 data-start=\"822\" data-end=\"876\"><strong data-start=\"831\" data-end=\"874\">Nimm deinen besten Freund mit auf Tour!<\/strong><\/h3>\n<p data-start=\"877\" data-end=\"1090\">Mit dem <strong data-start=\"885\" data-end=\"907\">Burley Tail Wagon\u00ae<\/strong> Fahrradanh\u00e4nger kann dein vierbeiniger Begleiter jedes Abenteuer mit dir erleben \u2013 bequem, sicher und praktisch. Egal ob kurze Ausfahrt oder lange Radtour: Dein Hund ist immer dabei.<\/p>\n<p data-start=\"1092\" data-end=\"1118\">Mit tollen Features wie:<\/p>\n<ul data-start=\"1119\" data-end=\"1404\">\n<li data-start=\"1119\" data-end=\"1220\">\n<p data-start=\"1121\" data-end=\"1220\"><strong data-start=\"1121\" data-end=\"1137\">Mesh-Fenster<\/strong> f\u00fcr frische Luft und beste Aussicht \u2013 damit dein Hund k\u00fchl und entspannt bleibt.<\/p>\n<\/li>\n<li data-start=\"1221\" data-end=\"1324\">\n<p data-start=\"1223\" data-end=\"1324\"><strong data-start=\"1223\" data-end=\"1254\">Einfaches Ein- und Ausladen<\/strong> sowie schnelle Reinigung nach matschigen Wegen oder Strandbesuchen.<\/p>\n<\/li>\n<li data-start=\"1325\" data-end=\"1404\">\n<p data-start=\"1327\" data-end=\"1404\"><strong data-start=\"1327\" data-end=\"1350\">Komfortables Design<\/strong>, das eine angenehme Fahrt f\u00fcr deinen Hund garantiert.<\/p>\n<\/li>\n<\/ul>\n<p data-start=\"1406\" data-end=\"1518\">Steig aufs Rad und erlebt gemeinsam neue Abenteuer \u2013 mit dem Tail Wagon wird jede Fahrt zum Schwanzwedel-Moment!<\/p>\n","protected":false},"excerpt":{"rendered":"<p>Dieser praktische Hundeanh\u00e4nger ist eine gro\u00dfartige Erg\u00e4nzung f\u00fcr den Ausflug mit deinem Haustier und erm\u00f6glicht diesem eine komfortable Reise.<\/p>\n<p>Abmessungen der Kabine: <strong>82 x 44 x 53 cm<\/strong> (L x B x H)<br \/>\nMaximales Gewicht des Haustiers: <strong>34 kg<\/strong><\/p>\n","protected":false},"featured_media":27346,"template":"","meta":{"_acf_changed":false},"product_brand":[],"product_cat":[186,191],"product_tag":[],"class_list":{"0":"post-25968","1":"product","2":"type-product","3":"status-publish","4":"has-post-thumbnail","6":"product_cat-e-mountainbikes-de","7":"product_cat-mountainbikes-de","9":"first","10":"instock","11":"sold-individually","12":"taxable","13":"shipping-taxable","14":"purchasable","15":"product-type-booking"},"exclude_global_add_ons":[],"addons":[],"acf":[],"yoast_head":"<!-- This site is optimized with the Yoast SEO plugin v26.8 - https:\/\/yoast.com\/product\/yoast-seo-wordpress\/ -->\n<title>Fahrradanh\u00e4nger Hunde - Summersports Westendorf<\/title>\n<meta name=\"description\" content=\"Dieser praktische Hundeanh\u00e4nger ist eine gro\u00dfartige Erg\u00e4nzung f\u00fcr den Ausflug mit deinem Haustier und erm\u00f6glicht diesem eine komfortable Reise.\" \/>\n<meta name=\"robots\" content=\"index, follow, max-snippet:-1, max-image-preview:large, max-video-preview:-1\" \/>\n<link rel=\"canonical\" href=\"https:\/\/www.summersportswestendorf.com\/de\/shop\/e-mountainbikes-de\/burlee-bee-trailer-fur-zwei-kinder-kopie\/\" \/>\n<meta property=\"og:locale\" content=\"de_DE\" \/>\n<meta property=\"og:type\" content=\"article\" \/>\n<meta property=\"og:title\" content=\"Fahrradanh\u00e4nger Hunde - Summersports Westendorf\" \/>\n<meta property=\"og:description\" content=\"Dieser praktische Hundeanh\u00e4nger ist eine gro\u00dfartige Erg\u00e4nzung f\u00fcr den Ausflug mit deinem Haustier und erm\u00f6glicht diesem eine komfortable Reise.\" \/>\n<meta property=\"og:url\" content=\"https:\/\/www.summersportswestendorf.com\/de\/shop\/e-mountainbikes-de\/burlee-bee-trailer-fur-zwei-kinder-kopie\/\" \/>\n<meta property=\"og:site_name\" content=\"Summersports Westendorf\" \/>\n<meta property=\"article:publisher\" content=\"https:\/\/www.facebook.com\/Summersportswestendorf\" \/>\n<meta property=\"article:modified_time\" content=\"2025-07-14T09:10:54+00:00\" \/>\n<meta property=\"og:image\" content=\"https:\/\/www.summersportswestendorf.com\/wp-content\/uploads\/2025\/06\/Dog-Trailer-1.webp\" \/>\n\t<meta property=\"og:image:width\" content=\"2146\" \/>\n\t<meta property=\"og:image:height\" content=\"1208\" \/>\n\t<meta property=\"og:image:type\" content=\"image\/webp\" \/>\n<meta name=\"twitter:card\" content=\"summary_large_image\" \/>\n<script type=\"application\/ld+json\" class=\"yoast-schema-graph\">{\"@context\":\"https:\/\/schema.org\",\"@graph\":[{\"@type\":\"WebPage\",\"@id\":\"https:\/\/www.summersportswestendorf.com\/de\/shop\/e-mountainbikes-de\/burlee-bee-trailer-fur-zwei-kinder-kopie\/\",\"url\":\"https:\/\/www.summersportswestendorf.com\/de\/shop\/e-mountainbikes-de\/burlee-bee-trailer-fur-zwei-kinder-kopie\/\",\"name\":\"Fahrradanh\u00e4nger Hunde - Summersports Westendorf\",\"isPartOf\":{\"@id\":\"https:\/\/www.summersportswestendorf.com\/de\/#website\"},\"primaryImageOfPage\":{\"@id\":\"https:\/\/www.summersportswestendorf.com\/de\/shop\/e-mountainbikes-de\/burlee-bee-trailer-fur-zwei-kinder-kopie\/#primaryimage\"},\"image\":{\"@id\":\"https:\/\/www.summersportswestendorf.com\/de\/shop\/e-mountainbikes-de\/burlee-bee-trailer-fur-zwei-kinder-kopie\/#primaryimage\"},\"thumbnailUrl\":\"https:\/\/www.summersportswestendorf.com\/wp-content\/uploads\/2025\/06\/Dog-Trailer-1.webp\",\"datePublished\":\"2025-06-12T07:41:39+00:00\",\"dateModified\":\"2025-07-14T09:10:54+00:00\",\"description\":\"Dieser praktische Hundeanh\u00e4nger ist eine gro\u00dfartige Erg\u00e4nzung f\u00fcr den Ausflug mit deinem Haustier und erm\u00f6glicht diesem eine komfortable Reise.\",\"breadcrumb\":{\"@id\":\"https:\/\/www.summersportswestendorf.com\/de\/shop\/e-mountainbikes-de\/burlee-bee-trailer-fur-zwei-kinder-kopie\/#breadcrumb\"},\"inLanguage\":\"de\",\"potentialAction\":[{\"@type\":\"ReadAction\",\"target\":[\"https:\/\/www.summersportswestendorf.com\/de\/shop\/e-mountainbikes-de\/burlee-bee-trailer-fur-zwei-kinder-kopie\/\"]}]},{\"@type\":\"ImageObject\",\"inLanguage\":\"de\",\"@id\":\"https:\/\/www.summersportswestendorf.com\/de\/shop\/e-mountainbikes-de\/burlee-bee-trailer-fur-zwei-kinder-kopie\/#primaryimage\",\"url\":\"https:\/\/www.summersportswestendorf.com\/wp-content\/uploads\/2025\/06\/Dog-Trailer-1.webp\",\"contentUrl\":\"https:\/\/www.summersportswestendorf.com\/wp-content\/uploads\/2025\/06\/Dog-Trailer-1.webp\",\"width\":2146,\"height\":1208},{\"@type\":\"BreadcrumbList\",\"@id\":\"https:\/\/www.summersportswestendorf.com\/de\/shop\/e-mountainbikes-de\/burlee-bee-trailer-fur-zwei-kinder-kopie\/#breadcrumb\",\"itemListElement\":[{\"@type\":\"ListItem\",\"position\":1,\"name\":\"Home\",\"item\":\"https:\/\/www.summersportswestendorf.com\/de\/\"},{\"@type\":\"ListItem\",\"position\":2,\"name\":\"Online buchen\",\"item\":\"https:\/\/www.summersportswestendorf.com\/de\/online-buchen\/\"},{\"@type\":\"ListItem\",\"position\":3,\"name\":\"Fahrradanh\u00e4nger Hunde\"}]},{\"@type\":\"WebSite\",\"@id\":\"https:\/\/www.summersportswestendorf.com\/de\/#website\",\"url\":\"https:\/\/www.summersportswestendorf.com\/de\/\",\"name\":\"Summersports Westendorf\",\"description\":\"Fahrradverleih Westendorf\",\"publisher\":{\"@id\":\"https:\/\/www.summersportswestendorf.com\/de\/#organization\"},\"potentialAction\":[{\"@type\":\"SearchAction\",\"target\":{\"@type\":\"EntryPoint\",\"urlTemplate\":\"https:\/\/www.summersportswestendorf.com\/de\/?s={search_term_string}\"},\"query-input\":{\"@type\":\"PropertyValueSpecification\",\"valueRequired\":true,\"valueName\":\"search_term_string\"}}],\"inLanguage\":\"de\"},{\"@type\":\"Organization\",\"@id\":\"https:\/\/www.summersportswestendorf.com\/de\/#organization\",\"name\":\"Summersports Westendorf E-Bike Rental\",\"url\":\"https:\/\/www.summersportswestendorf.com\/de\/\",\"logo\":{\"@type\":\"ImageObject\",\"inLanguage\":\"de\",\"@id\":\"https:\/\/www.summersportswestendorf.com\/de\/#\/schema\/logo\/image\/\",\"url\":\"https:\/\/www.summersportswestendorf.com\/wp-content\/uploads\/2022\/04\/Summersports-Final-Achtergrond-Wit.png\",\"contentUrl\":\"https:\/\/www.summersportswestendorf.com\/wp-content\/uploads\/2022\/04\/Summersports-Final-Achtergrond-Wit.png\",\"width\":1060,\"height\":470,\"caption\":\"Summersports Westendorf E-Bike Rental\"},\"image\":{\"@id\":\"https:\/\/www.summersportswestendorf.com\/de\/#\/schema\/logo\/image\/\"},\"sameAs\":[\"https:\/\/www.facebook.com\/Summersportswestendorf\",\"https:\/\/www.instagram.com\/summersportswestendorf\/\"]}]}<\/script>\n<!-- \/ Yoast SEO plugin. -->","yoast_head_json":{"title":"Fahrradanh\u00e4nger Hunde - Summersports Westendorf","description":"Dieser praktische Hundeanh\u00e4nger ist eine gro\u00dfartige Erg\u00e4nzung f\u00fcr den Ausflug mit deinem Haustier und erm\u00f6glicht diesem eine komfortable Reise.","robots":{"index":"index","follow":"follow","max-snippet":"max-snippet:-1","max-image-preview":"max-image-preview:large","max-video-preview":"max-video-preview:-1"},"canonical":"https:\/\/www.summersportswestendorf.com\/de\/shop\/e-mountainbikes-de\/burlee-bee-trailer-fur-zwei-kinder-kopie\/","og_locale":"de_DE","og_type":"article","og_title":"Fahrradanh\u00e4nger Hunde - Summersports Westendorf","og_description":"Dieser praktische Hundeanh\u00e4nger ist eine gro\u00dfartige Erg\u00e4nzung f\u00fcr den Ausflug mit deinem Haustier und erm\u00f6glicht diesem eine komfortable Reise.","og_url":"https:\/\/www.summersportswestendorf.com\/de\/shop\/e-mountainbikes-de\/burlee-bee-trailer-fur-zwei-kinder-kopie\/","og_site_name":"Summersports Westendorf","article_publisher":"https:\/\/www.facebook.com\/Summersportswestendorf","article_modified_time":"2025-07-14T09:10:54+00:00","og_image":[{"width":2146,"height":1208,"url":"https:\/\/www.summersportswestendorf.com\/wp-content\/uploads\/2025\/06\/Dog-Trailer-1.webp","type":"image\/webp"}],"twitter_card":"summary_large_image","schema":{"@context":"https:\/\/schema.org","@graph":[{"@type":"WebPage","@id":"https:\/\/www.summersportswestendorf.com\/de\/shop\/e-mountainbikes-de\/burlee-bee-trailer-fur-zwei-kinder-kopie\/","url":"https:\/\/www.summersportswestendorf.com\/de\/shop\/e-mountainbikes-de\/burlee-bee-trailer-fur-zwei-kinder-kopie\/","name":"Fahrradanh\u00e4nger Hunde - Summersports Westendorf","isPartOf":{"@id":"https:\/\/www.summersportswestendorf.com\/de\/#website"},"primaryImageOfPage":{"@id":"https:\/\/www.summersportswestendorf.com\/de\/shop\/e-mountainbikes-de\/burlee-bee-trailer-fur-zwei-kinder-kopie\/#primaryimage"},"image":{"@id":"https:\/\/www.summersportswestendorf.com\/de\/shop\/e-mountainbikes-de\/burlee-bee-trailer-fur-zwei-kinder-kopie\/#primaryimage"},"thumbnailUrl":"https:\/\/www.summersportswestendorf.com\/wp-content\/uploads\/2025\/06\/Dog-Trailer-1.webp","datePublished":"2025-06-12T07:41:39+00:00","dateModified":"2025-07-14T09:10:54+00:00","description":"Dieser praktische Hundeanh\u00e4nger ist eine gro\u00dfartige Erg\u00e4nzung f\u00fcr den Ausflug mit deinem Haustier und erm\u00f6glicht diesem eine komfortable Reise.","breadcrumb":{"@id":"https:\/\/www.summersportswestendorf.com\/de\/shop\/e-mountainbikes-de\/burlee-bee-trailer-fur-zwei-kinder-kopie\/#breadcrumb"},"inLanguage":"de","potentialAction":[{"@type":"ReadAction","target":["https:\/\/www.summersportswestendorf.com\/de\/shop\/e-mountainbikes-de\/burlee-bee-trailer-fur-zwei-kinder-kopie\/"]}]},{"@type":"ImageObject","inLanguage":"de","@id":"https:\/\/www.summersportswestendorf.com\/de\/shop\/e-mountainbikes-de\/burlee-bee-trailer-fur-zwei-kinder-kopie\/#primaryimage","url":"https:\/\/www.summersportswestendorf.com\/wp-content\/uploads\/2025\/06\/Dog-Trailer-1.webp","contentUrl":"https:\/\/www.summersportswestendorf.com\/wp-content\/uploads\/2025\/06\/Dog-Trailer-1.webp","width":2146,"height":1208},{"@type":"BreadcrumbList","@id":"https:\/\/www.summersportswestendorf.com\/de\/shop\/e-mountainbikes-de\/burlee-bee-trailer-fur-zwei-kinder-kopie\/#breadcrumb","itemListElement":[{"@type":"ListItem","position":1,"name":"Home","item":"https:\/\/www.summersportswestendorf.com\/de\/"},{"@type":"ListItem","position":2,"name":"Online buchen","item":"https:\/\/www.summersportswestendorf.com\/de\/online-buchen\/"},{"@type":"ListItem","position":3,"name":"Fahrradanh\u00e4nger Hunde"}]},{"@type":"WebSite","@id":"https:\/\/www.summersportswestendorf.com\/de\/#website","url":"https:\/\/www.summersportswestendorf.com\/de\/","name":"Summersports Westendorf","description":"Fahrradverleih Westendorf","publisher":{"@id":"https:\/\/www.summersportswestendorf.com\/de\/#organization"},"potentialAction":[{"@type":"SearchAction","target":{"@type":"EntryPoint","urlTemplate":"https:\/\/www.summersportswestendorf.com\/de\/?s={search_term_string}"},"query-input":{"@type":"PropertyValueSpecification","valueRequired":true,"valueName":"search_term_string"}}],"inLanguage":"de"},{"@type":"Organization","@id":"https:\/\/www.summersportswestendorf.com\/de\/#organization","name":"Summersports Westendorf E-Bike Rental","url":"https:\/\/www.summersportswestendorf.com\/de\/","logo":{"@type":"ImageObject","inLanguage":"de","@id":"https:\/\/www.summersportswestendorf.com\/de\/#\/schema\/logo\/image\/","url":"https:\/\/www.summersportswestendorf.com\/wp-content\/uploads\/2022\/04\/Summersports-Final-Achtergrond-Wit.png","contentUrl":"https:\/\/www.summersportswestendorf.com\/wp-content\/uploads\/2022\/04\/Summersports-Final-Achtergrond-Wit.png","width":1060,"height":470,"caption":"Summersports Westendorf E-Bike Rental"},"image":{"@id":"https:\/\/www.summersportswestendorf.com\/de\/#\/schema\/logo\/image\/"},"sameAs":["https:\/\/www.facebook.com\/Summersportswestendorf","https:\/\/www.instagram.com\/summersportswestendorf\/"]}]}},"_links":{"self":[{"href":"https:\/\/www.summersportswestendorf.com\/de\/wp-json\/wp\/v2\/product\/25968","targetHints":{"allow":["GET"]}}],"collection":[{"href":"https:\/\/www.summersportswestendorf.com\/de\/wp-json\/wp\/v2\/product"}],"about":[{"href":"https:\/\/www.summersportswestendorf.com\/de\/wp-json\/wp\/v2\/types\/product"}],"wp:featuredmedia":[{"embeddable":true,"href":"https:\/\/www.summersportswestendorf.com\/de\/wp-json\/wp\/v2\/media\/27346"}],"wp:attachment":[{"href":"https:\/\/www.summersportswestendorf.com\/de\/wp-json\/wp\/v2\/media?parent=25968"}],"wp:term":[{"taxonomy":"product_brand","embeddable":true,"href":"https:\/\/www.summersportswestendorf.com\/de\/wp-json\/wp\/v2\/product_brand?post=25968"},{"taxonomy":"product_cat","embeddable":true,"href":"https:\/\/www.summersportswestendorf.com\/de\/wp-json\/wp\/v2\/product_cat?post=25968"},{"taxonomy":"product_tag","embeddable":true,"href":"https:\/\/www.summersportswestendorf.com\/de\/wp-json\/wp\/v2\/product_tag?post=25968"}],"curies":[{"name":"wp","href":"https:\/\/api.w.org\/{rel}","templated":true}]}}